{"id":6605,"date":"2021-05-05T15:32:36","date_gmt":"2021-05-05T15:32:36","guid":{"rendered":"https:\/\/theme-dev.cmsmasters.net\/city-hospital\/?page_id=6605"},"modified":"2024-11-02T19:58:56","modified_gmt":"2024-11-02T18:58:56","slug":"home","status":"publish","type":"page","link":"https:\/\/mazinanian.at\/","title":{"rendered":"Home"},"content":{"rendered":"\t\t<div data-elementor-type=\"wp-page\" data-elementor-id=\"6605\" class=\"elementor elementor-6605\">\n\t\t\t\t\t\t<section class=\"elementor-section elementor-top-section elementor-element elementor-element-a145d3a elementor-section-boxed elementor-section-height-default elementor-section-height-default cmsmasters-block-default\" data-id=\"a145d3a\" data-element_type=\"section\" data-e-type=\"section\" data-settings=\"{&quot;background_background&quot;:&quot;classic&quot;}\">\n\t\t\t\t\t\t\t<div class=\"elementor-background-overlay\"><\/div>\n\t\t\t\t\t\t\t<div class=\"elementor-container elementor-column-gap-no\">\n\t\t\t\t\t<div class=\"elementor-column elementor-col-100 elementor-top-column elementor-element elementor-element-57d6029\" data-id=\"57d6029\" data-element_type=\"column\" data-e-type=\"column\">\n\t\t\t<div class=\"elementor-widget-wrap elementor-element-populated\">\n\t\t\t\t\t\t<div class=\"elementor-element elementor-element-94613ec cmsmasters-featured-box__graphic-align-left cmsmasters-featured-box__graphic-position-row cmsmasters-featured-box__link-button cmsmasters-featured-box__image_fit-cover cmsmasters-featured-box__graphic-position-tablet-row cmsmasters-featured-box__graphic-position-mobile-column cmsmasters-featured-box__text-valign-middle cmsmasters-block-default cmsmasters-sticky-default elementor-widget elementor-widget-cmsmasters-featured-box\" data-id=\"94613ec\" data-element_type=\"widget\" data-e-type=\"widget\" data-widget_type=\"cmsmasters-featured-box.default\">\n\t\t\t\t<div class=\"elementor-widget-container\">\n\t\t\t\t\t<div class=\"elementor-widget-cmsmasters-featured-box__wrapper\"><div class=\"elementor-widget-cmsmasters-featured-box__content\">\n\t\t\t\t<div class=\"elementor-widget-cmsmasters-featured-box__content-vertical-inner\"><div class=\"elementor-widget-cmsmasters-featured-box__graphic-wrapper elementor-widget-cmsmasters-featured-box__content-item elementor-widget-cmsmasters-featured-box__image\"><h3 class=\"elementor-widget-cmsmasters-featured-box__title elementor-widget-cmsmasters-featured-box__content-item\"><b>OA Dr. Alireza Mazinanian<\/b><br>Facharzt f\u00fcr Innere Medizin<\/h3><figure class=\"elementor-widget-cmsmasters-featured-box__image-wrap elementor-widget-cmsmasters-featured-box__graphic-item\"><img fetchpriority=\"high\" decoding=\"async\" width=\"1347\" height=\"886\" src=\"https:\/\/mazinanian.at\/wp-content\/uploads\/2023\/08\/main1-1-30x20.jpg\" class=\"attachment-full size-full wp-image-9890 cmsmasters_img cmsmasters-lazyload lazyload\" alt=\"\" data-sizes=\"auto\" data-ls-sizes=\"(max-width: 1347px) 100vw, 1347px\" data-src=\"https:\/\/mazinanian.at\/wp-content\/uploads\/2023\/08\/main1-1.jpg\" data-srcset=\"https:\/\/mazinanian.at\/wp-content\/uploads\/2023\/08\/main1-1.jpg 1347w, https:\/\/mazinanian.at\/wp-content\/uploads\/2023\/08\/main1-1-300x197.jpg 300w, https:\/\/mazinanian.at\/wp-content\/uploads\/2023\/08\/main1-1-1024x674.jpg 1024w, https:\/\/mazinanian.at\/wp-content\/uploads\/2023\/08\/main1-1-768x505.jpg 768w, https:\/\/mazinanian.at\/wp-content\/uploads\/2023\/08\/main1-1-456x300.jpg 456w, https:\/\/mazinanian.at\/wp-content\/uploads\/2023\/08\/main1-1-30x20.jpg 30w, https:\/\/mazinanian.at\/wp-content\/uploads\/2023\/08\/main1-1-15x10.jpg 15w\" srcset=\"https:\/\/mazinanian.at\/wp-content\/uploads\/2023\/08\/main1-1-30x20.jpg 30w, https:\/\/mazinanian.at\/wp-content\/uploads\/2023\/08\/main1-1-300x197.jpg 300w, https:\/\/mazinanian.at\/wp-content\/uploads\/2023\/08\/main1-1-1024x674.jpg 1024w, https:\/\/mazinanian.at\/wp-content\/uploads\/2023\/08\/main1-1-768x505.jpg 768w, https:\/\/mazinanian.at\/wp-content\/uploads\/2023\/08\/main1-1-456x300.jpg 456w, https:\/\/mazinanian.at\/wp-content\/uploads\/2023\/08\/main1-1-15x10.jpg 15w, https:\/\/mazinanian.at\/wp-content\/uploads\/2023\/08\/main1-1.jpg 1347w\" sizes=\"(max-width: 1347px) 100vw, 1347px\" \/><\/figure><\/div><div class=\"elementor-widget-cmsmasters-featured-box__type-wrap elementor-widget-cmsmasters-featured-box__content-item\"><h3 class=\"elementor-widget-cmsmasters-featured-box__title elementor-widget-cmsmasters-featured-box__content-item\"><b>OA Dr. Alireza Mazinanian<\/b><br>Facharzt f\u00fcr Innere Medizin<\/h3><div class=\"elementor-widget-cmsmasters-featured-box__description elementor-widget-cmsmasters-featured-box__content-item\">Ben\u00f6tigen Sie einen dringenden Termin? K\u00f6nnen Sie am Werktagen nicht zum Internist gehen? Nehmen Sie mit uns Kontakt auf.<br>\nAls Facharzt f\u00fcr Innere Medizin biete ich Ihnen neben Erfahrung, hoher Kompetenz, Empathie und Einf\u00fchlungsverm\u00f6gen die bestm\u00f6gliche individuell auf jeden Patienten zugeschnittene Betreuung an. <\/div><div class=\"elementor-widget-cmsmasters-featured-box__button-wrapper elementor-widget-cmsmasters-featured-box__content-item\">\n\t\t\t<a class=\"elementor-widget-cmsmasters-featured-box__button elementor-widget-cmsmasters-featured-box__content-item cmsmasters-theme-button\" href=\"http:\/\/mazinanian.at\/?page_id=9719\">Mehr...<\/a>\n\t\t\t<\/div><\/div>\n\t\t\t\t<\/div>\n\t\t\t<\/div>\n\t\t<\/div>\t\t\t\t<\/div>\n\t\t\t\t<\/div>\n\t\t\t\t\t<\/div>\n\t\t<\/div>\n\t\t\t\t\t<\/div>\n\t\t<\/section>\n\t\t\t\t<\/div>\n\t\t","protected":false},"excerpt":{"rendered":"<p>OA Dr. Alireza MazinanianFacharzt f\u00fcr Innere Medizin OA Dr. Alireza MazinanianFacharzt f\u00fcr Innere Medizin Ben\u00f6tigen Sie einen dringenden Termin? K\u00f6nnen Sie am Werktagen nicht zum Internist gehen? Nehmen Sie mit uns Kontakt auf. Als Facharzt f\u00fcr Innere Medizin biete ich Ihnen neben Erfahrung, hoher Kompetenz, Empathie und Einf\u00fchlungsverm\u00f6gen die bestm\u00f6gliche individuell auf jeden Patienten zugeschnittene&#8230;<\/p>\n","protected":false},"author":1,"featured_media":0,"parent":0,"menu_order":0,"comment_status":"closed","ping_status":"closed","template":"","meta":{"inline_featured_image":false,"footnotes":""},"class_list":["post-6605","page","type-page","status-publish","hentry"],"acf":[],"_links":{"self":[{"href":"https:\/\/mazinanian.at\/index.php?rest_route=\/wp\/v2\/pages\/6605","targetHints":{"allow":["GET"]}}],"collection":[{"href":"https:\/\/mazinanian.at\/index.php?rest_route=\/wp\/v2\/pages"}],"about":[{"href":"https:\/\/mazinanian.at\/index.php?rest_route=\/wp\/v2\/types\/page"}],"author":[{"embeddable":true,"href":"https:\/\/mazinanian.at\/index.php?rest_route=\/wp\/v2\/users\/1"}],"replies":[{"embeddable":true,"href":"https:\/\/mazinanian.at\/index.php?rest_route=%2Fwp%2Fv2%2Fcomments&post=6605"}],"version-history":[{"count":76,"href":"https:\/\/mazinanian.at\/index.php?rest_route=\/wp\/v2\/pages\/6605\/revisions"}],"predecessor-version":[{"id":9972,"href":"https:\/\/mazinanian.at\/index.php?rest_route=\/wp\/v2\/pages\/6605\/revisions\/9972"}],"wp:attachment":[{"href":"https:\/\/mazinanian.at\/index.php?rest_route=%2Fwp%2Fv2%2Fmedia&parent=6605"}],"curies":[{"name":"wp","href":"https:\/\/api.w.org\/{rel}","templated":true}]}}