{"id":6646,"date":"2021-05-13T07:09:06","date_gmt":"2021-05-13T07:09:06","guid":{"rendered":"https:\/\/theme-dev.cmsmasters.net\/city-hospital\/?page_id=6646"},"modified":"2026-03-09T19:28:20","modified_gmt":"2026-03-09T18:28:20","slug":"contacts","status":"publish","type":"page","link":"https:\/\/mazinanian.at\/?page_id=6646","title":{"rendered":"Contacts"},"content":{"rendered":"\t\t<div data-elementor-type=\"wp-page\" data-elementor-id=\"6646\" class=\"elementor elementor-6646\">\n\t\t\t\t\t\t<section class=\"elementor-section elementor-top-section elementor-element elementor-element-80f6142 elementor-section-boxed elementor-section-height-default elementor-section-height-default cmsmasters-block-default\" data-id=\"80f6142\" data-element_type=\"section\" data-e-type=\"section\">\n\t\t\t\t\t\t<div class=\"elementor-container elementor-column-gap-no\">\n\t\t\t\t\t<div class=\"elementor-column elementor-col-50 elementor-top-column elementor-element elementor-element-2853060\" data-id=\"2853060\" data-element_type=\"column\" data-e-type=\"column\" data-settings=\"{&quot;background_background&quot;:&quot;classic&quot;}\">\n\t\t\t<div class=\"elementor-widget-wrap elementor-element-populated\">\n\t\t\t\t\t\t<div class=\"elementor-element elementor-element-0720bda cmsmasters-block-default cmsmasters-sticky-default elementor-widget elementor-widget-heading\" data-id=\"0720bda\" data-element_type=\"widget\" data-e-type=\"widget\" data-widget_type=\"heading.default\">\n\t\t\t\t<div class=\"elementor-widget-container\">\n\t\t\t\t\t<h2 class=\"elementor-heading-title elementor-size-default\">Kontakt<\/h2>\t\t\t\t<\/div>\n\t\t\t\t<\/div>\n\t\t\t\t<div class=\"elementor-element elementor-element-a391b76 cmsmasters-block-default cmsmasters-sticky-default elementor-widget elementor-widget-text-editor\" data-id=\"a391b76\" data-element_type=\"widget\" data-e-type=\"widget\" data-widget_type=\"text-editor.default\">\n\t\t\t\t<div class=\"elementor-widget-container\">\n\t\t\t\t\t\t\t\t\t<p>Ihre Gesundheit ist unser Hauptanliegen. Lassen Sie uns wissen, wie wir Sie unterst\u00fctzen k\u00f6nnen.<\/p>\t\t\t\t\t\t\t\t<\/div>\n\t\t\t\t<\/div>\n\t\t\t\t\t<\/div>\n\t\t<\/div>\n\t\t\t\t<div class=\"elementor-column elementor-col-50 elementor-top-column elementor-element elementor-element-b6b9a58\" data-id=\"b6b9a58\" data-element_type=\"column\" data-e-type=\"column\" data-settings=\"{&quot;background_background&quot;:&quot;classic&quot;}\">\n\t\t\t<div class=\"elementor-widget-wrap elementor-element-populated\">\n\t\t\t\t\t\t<div class=\"elementor-element elementor-element-4f60ea3 cmsmasters-block-default cmsmasters-sticky-default elementor-widget elementor-widget-image\" data-id=\"4f60ea3\" data-element_type=\"widget\" data-e-type=\"widget\" data-widget_type=\"image.default\">\n\t\t\t\t<div class=\"elementor-widget-container\">\n\t\t\t\t\t\t\t\t\t\t\t\t\t\t\t<img fetchpriority=\"high\" decoding=\"async\" width=\"768\" height=\"549\" src=\"https:\/\/mazinanian.at\/wp-content\/uploads\/2023\/08\/kontakt1-1-30x21.jpg\" class=\"attachment-medium_large size-medium_large wp-image-9902 cmsmasters_img cmsmasters-lazyload lazyload\" alt=\"\" data-sizes=\"auto\" data-ls-sizes=\"(max-width: 768px) 100vw, 768px\" data-src=\"https:\/\/mazinanian.at\/wp-content\/uploads\/2023\/08\/kontakt1-1-768x549.jpg\" data-srcset=\"https:\/\/mazinanian.at\/wp-content\/uploads\/2023\/08\/kontakt1-1-768x549.jpg 768w, https:\/\/mazinanian.at\/wp-content\/uploads\/2023\/08\/kontakt1-1-300x215.jpg 300w, https:\/\/mazinanian.at\/wp-content\/uploads\/2023\/08\/kontakt1-1-1024x732.jpg 1024w, https:\/\/mazinanian.at\/wp-content\/uploads\/2023\/08\/kontakt1-1-1536x1098.jpg 1536w, https:\/\/mazinanian.at\/wp-content\/uploads\/2023\/08\/kontakt1-1-2048x1464.jpg 2048w, https:\/\/mazinanian.at\/wp-content\/uploads\/2023\/08\/kontakt1-1-420x300.jpg 420w, https:\/\/mazinanian.at\/wp-content\/uploads\/2023\/08\/kontakt1-1-30x21.jpg 30w, https:\/\/mazinanian.at\/wp-content\/uploads\/2023\/08\/kontakt1-1-14x10.jpg 14w\" srcset=\"https:\/\/mazinanian.at\/wp-content\/uploads\/2023\/08\/kontakt1-1-30x21.jpg 30w, https:\/\/mazinanian.at\/wp-content\/uploads\/2023\/08\/kontakt1-1-300x215.jpg 300w, https:\/\/mazinanian.at\/wp-content\/uploads\/2023\/08\/kontakt1-1-1024x732.jpg 1024w, https:\/\/mazinanian.at\/wp-content\/uploads\/2023\/08\/kontakt1-1-768x549.jpg 768w, https:\/\/mazinanian.at\/wp-content\/uploads\/2023\/08\/kontakt1-1-1536x1098.jpg 1536w, https:\/\/mazinanian.at\/wp-content\/uploads\/2023\/08\/kontakt1-1-2048x1464.jpg 2048w, https:\/\/mazinanian.at\/wp-content\/uploads\/2023\/08\/kontakt1-1-420x300.jpg 420w, https:\/\/mazinanian.at\/wp-content\/uploads\/2023\/08\/kontakt1-1-14x10.jpg 14w\" sizes=\"(max-width: 768px) 100vw, 768px\" \/>\t\t\t\t\t\t\t\t\t\t\t\t\t\t\t<\/div>\n\t\t\t\t<\/div>\n\t\t\t\t\t<\/div>\n\t\t<\/div>\n\t\t\t\t\t<\/div>\n\t\t<\/section>\n\t\t\t\t<section class=\"elementor-section elementor-top-section elementor-element elementor-element-755fc51 elementor-section-boxed elementor-section-height-default elementor-section-height-default cmsmasters-block-default\" data-id=\"755fc51\" data-element_type=\"section\" data-e-type=\"section\">\n\t\t\t\t\t\t<div class=\"elementor-container elementor-column-gap-default\">\n\t\t\t\t\t<div class=\"elementor-column elementor-col-100 elementor-top-column elementor-element elementor-element-5e8e03d\" data-id=\"5e8e03d\" data-element_type=\"column\" data-e-type=\"column\">\n\t\t\t<div class=\"elementor-widget-wrap elementor-element-populated\">\n\t\t\t\t\t\t<div class=\"elementor-element elementor-element-133463d cmsmasters-block-default cmsmasters-sticky-default elementor-widget elementor-widget-heading\" data-id=\"133463d\" data-element_type=\"widget\" data-e-type=\"widget\" data-widget_type=\"heading.default\">\n\t\t\t\t<div class=\"elementor-widget-container\">\n\t\t\t\t\t<h2 class=\"elementor-heading-title elementor-size-default\">Unser freundliches Team steht Ihnen gerne f\u00fcr alle Anfragen zur Verf\u00fcgung.<\/h2>\t\t\t\t<\/div>\n\t\t\t\t<\/div>\n\t\t\t\t\t<\/div>\n\t\t<\/div>\n\t\t\t\t\t<\/div>\n\t\t<\/section>\n\t\t\t\t<section class=\"elementor-section elementor-top-section elementor-element elementor-element-17db408 elementor-section-boxed elementor-section-height-default elementor-section-height-default cmsmasters-block-default\" data-id=\"17db408\" data-element_type=\"section\" data-e-type=\"section\">\n\t\t\t\t\t\t<div class=\"elementor-container elementor-column-gap-wide\">\n\t\t\t\t\t<div class=\"elementor-column elementor-col-50 elementor-top-column elementor-element elementor-element-24c6a33\" data-id=\"24c6a33\" data-element_type=\"column\" data-e-type=\"column\">\n\t\t\t<div class=\"elementor-widget-wrap elementor-element-populated\">\n\t\t\t\t\t\t<div class=\"elementor-element elementor-element-eb542c0 cmsmasters-block-default cmsmasters-sticky-default elementor-widget elementor-widget-heading\" data-id=\"eb542c0\" data-element_type=\"widget\" data-e-type=\"widget\" data-widget_type=\"heading.default\">\n\t\t\t\t<div class=\"elementor-widget-container\">\n\t\t\t\t\t<h3 class=\"elementor-heading-title elementor-size-default\">Terminvereinbarungen<\/h3>\t\t\t\t<\/div>\n\t\t\t\t<\/div>\n\t\t\t\t<div class=\"elementor-element elementor-element-bc4f4f0 cmsmasters-block-default cmsmasters-sticky-default elementor-widget elementor-widget-spacer\" data-id=\"bc4f4f0\" data-element_type=\"widget\" data-e-type=\"widget\" data-widget_type=\"spacer.default\">\n\t\t\t\t<div class=\"elementor-widget-container\">\n\t\t\t\t\t\t\t<div class=\"elementor-spacer\">\n\t\t\t<div class=\"elementor-spacer-inner\"><\/div>\n\t\t<\/div>\n\t\t\t\t\t\t<\/div>\n\t\t\t\t<\/div>\n\t\t\t\t<div class=\"elementor-element elementor-element-9590d3e cmsmasters-block-default cmsmasters-sticky-default elementor-widget elementor-widget-text-editor\" data-id=\"9590d3e\" data-element_type=\"widget\" data-e-type=\"widget\" data-widget_type=\"text-editor.default\">\n\t\t\t\t<div class=\"elementor-widget-container\">\n\t\t\t\t\t\t\t\t\t<div style=\"font-size: 1.5rem; line-height: 3rem; letter-spacing: 0.8px;\"><a style=\"margin-top: 5px;\" href=\"mailto:office@mazinanian.at\"><i class=\"fas fa-envelope\" aria-hidden=\"true\"><\/i>\noffice@mazinanian.at<\/a><br>\n\n<a style=\"margin-top: 5px;\" href=\"tel:+436763333730\"><i class=\"fas fa-phone-alt\" aria-hidden=\"true\"><\/i>\n0676 \/ 33 33 730<\/a><\/div>\t\t\t\t\t\t\t\t<\/div>\n\t\t\t\t<\/div>\n\t\t\t\t\t<\/div>\n\t\t<\/div>\n\t\t\t\t<div class=\"elementor-column elementor-col-50 elementor-top-column elementor-element elementor-element-051bd0f\" data-id=\"051bd0f\" data-element_type=\"column\" data-e-type=\"column\">\n\t\t\t<div class=\"elementor-widget-wrap elementor-element-populated\">\n\t\t\t\t\t\t<div class=\"elementor-element elementor-element-1cfaefc cmsmasters-block-default cmsmasters-sticky-default elementor-widget elementor-widget-google_maps\" data-id=\"1cfaefc\" data-element_type=\"widget\" data-e-type=\"widget\" data-widget_type=\"google_maps.default\">\n\t\t\t\t<div class=\"elementor-widget-container\">\n\t\t\t\t\t\t\t<div class=\"elementor-custom-embed\">\n\t\t\t<iframe loading=\"lazy\"\n\t\t\t\t\tsrc=\"https:\/\/maps.google.com\/maps?q=Sonnenstra%C3%9Fe%207%2C%203812%20Waldreichs&#038;t=m&#038;z=12&#038;output=embed&#038;iwloc=near\"\n\t\t\t\t\ttitle=\"Sonnenstra\u00dfe 7, 3812 Waldreichs\"\n\t\t\t\t\taria-label=\"Sonnenstra\u00dfe 7, 3812 Waldreichs\"\n\t\t\t><\/iframe>\n\t\t<\/div>\n\t\t\t\t\t\t<\/div>\n\t\t\t\t<\/div>\n\t\t\t\t\t<\/div>\n\t\t<\/div>\n\t\t\t\t\t<\/div>\n\t\t<\/section>\n\t\t\t\t<\/div>\n\t\t","protected":false},"excerpt":{"rendered":"<p>Kontakt Ihre Gesundheit ist unser Hauptanliegen. Lassen Sie uns wissen, wie wir Sie unterst\u00fctzen k\u00f6nnen. Unser freundliches Team steht Ihnen gerne f\u00fcr alle Anfragen zur Verf\u00fcgung. Terminvereinbarungen office@mazinanian.at 0676 \/ 33 33 730<\/p>\n","protected":false},"author":1,"featured_media":0,"parent":0,"menu_order":0,"comment_status":"closed","ping_status":"closed","template":"elementor_header_footer","meta":{"inline_featured_image":false,"footnotes":""},"class_list":["post-6646","page","type-page","status-publish","hentry"],"acf":[],"_links":{"self":[{"href":"https:\/\/mazinanian.at\/index.php?rest_route=\/wp\/v2\/pages\/6646","targetHints":{"allow":["GET"]}}],"collection":[{"href":"https:\/\/mazinanian.at\/index.php?rest_route=\/wp\/v2\/pages"}],"about":[{"href":"https:\/\/mazinanian.at\/index.php?rest_route=\/wp\/v2\/types\/page"}],"author":[{"embeddable":true,"href":"https:\/\/mazinanian.at\/index.php?rest_route=\/wp\/v2\/users\/1"}],"replies":[{"embeddable":true,"href":"https:\/\/mazinanian.at\/index.php?rest_route=%2Fwp%2Fv2%2Fcomments&post=6646"}],"version-history":[{"count":43,"href":"https:\/\/mazinanian.at\/index.php?rest_route=\/wp\/v2\/pages\/6646\/revisions"}],"predecessor-version":[{"id":9944,"href":"https:\/\/mazinanian.at\/index.php?rest_route=\/wp\/v2\/pages\/6646\/revisions\/9944"}],"wp:attachment":[{"href":"https:\/\/mazinanian.at\/index.php?rest_route=%2Fwp%2Fv2%2Fmedia&parent=6646"}],"curies":[{"name":"wp","href":"https:\/\/api.w.org\/{rel}","templated":true}]}}