{"id":9719,"date":"2023-03-16T12:15:01","date_gmt":"2023-03-16T11:15:01","guid":{"rendered":"http:\/\/mazinanian.at\/?page_id=9719"},"modified":"2026-03-09T19:27:30","modified_gmt":"2026-03-09T18:27:30","slug":"leistungen","status":"publish","type":"page","link":"https:\/\/mazinanian.at\/?page_id=9719","title":{"rendered":"Leistungen"},"content":{"rendered":"\t\t<div data-elementor-type=\"wp-page\" data-elementor-id=\"9719\" class=\"elementor elementor-9719\">\n\t\t\t\t\t\t<section class=\"elementor-section elementor-top-section elementor-element elementor-element-75e5056 elementor-section-boxed elementor-section-height-default elementor-section-height-default cmsmasters-block-default\" data-id=\"75e5056\" data-element_type=\"section\" data-e-type=\"section\" data-settings=\"{&quot;background_background&quot;:&quot;gradient&quot;}\">\n\t\t\t\t\t\t<div class=\"elementor-container elementor-column-gap-no\">\n\t\t\t\t\t<div class=\"elementor-column elementor-col-50 elementor-top-column elementor-element elementor-element-d9923cb\" data-id=\"d9923cb\" data-element_type=\"column\" data-e-type=\"column\">\n\t\t\t<div class=\"elementor-widget-wrap elementor-element-populated\">\n\t\t\t\t\t\t<div class=\"elementor-element elementor-element-221435f cmsmasters-block-default cmsmasters-sticky-default elementor-widget elementor-widget-image\" data-id=\"221435f\" data-element_type=\"widget\" data-e-type=\"widget\" data-widget_type=\"image.default\">\n\t\t\t\t<div class=\"elementor-widget-container\">\n\t\t\t\t\t\t\t\t\t\t\t\t\t\t\t<img fetchpriority=\"high\" decoding=\"async\" width=\"768\" height=\"445\" src=\"https:\/\/mazinanian.at\/wp-content\/uploads\/2023\/08\/service1-30x17.jpg\" class=\"attachment-medium_large size-medium_large wp-image-9894 cmsmasters_img cmsmasters-lazyload lazyload\" alt=\"\" data-sizes=\"auto\" data-ls-sizes=\"(max-width: 768px) 100vw, 768px\" data-src=\"https:\/\/mazinanian.at\/wp-content\/uploads\/2023\/08\/service1-768x445.jpg\" data-srcset=\"https:\/\/mazinanian.at\/wp-content\/uploads\/2023\/08\/service1-768x445.jpg 768w, https:\/\/mazinanian.at\/wp-content\/uploads\/2023\/08\/service1-300x174.jpg 300w, https:\/\/mazinanian.at\/wp-content\/uploads\/2023\/08\/service1-1024x594.jpg 1024w, https:\/\/mazinanian.at\/wp-content\/uploads\/2023\/08\/service1-1536x891.jpg 1536w, https:\/\/mazinanian.at\/wp-content\/uploads\/2023\/08\/service1-517x300.jpg 517w, https:\/\/mazinanian.at\/wp-content\/uploads\/2023\/08\/service1-30x16.jpg 30w, https:\/\/mazinanian.at\/wp-content\/uploads\/2023\/08\/service1-17x10.jpg 17w, https:\/\/mazinanian.at\/wp-content\/uploads\/2023\/08\/service1.jpg 1607w\" srcset=\"https:\/\/mazinanian.at\/wp-content\/uploads\/2023\/08\/service1-30x16.jpg 30w, https:\/\/mazinanian.at\/wp-content\/uploads\/2023\/08\/service1-300x174.jpg 300w, https:\/\/mazinanian.at\/wp-content\/uploads\/2023\/08\/service1-1024x594.jpg 1024w, https:\/\/mazinanian.at\/wp-content\/uploads\/2023\/08\/service1-768x445.jpg 768w, https:\/\/mazinanian.at\/wp-content\/uploads\/2023\/08\/service1-1536x891.jpg 1536w, https:\/\/mazinanian.at\/wp-content\/uploads\/2023\/08\/service1-517x300.jpg 517w, https:\/\/mazinanian.at\/wp-content\/uploads\/2023\/08\/service1-17x10.jpg 17w, https:\/\/mazinanian.at\/wp-content\/uploads\/2023\/08\/service1.jpg 1607w\" sizes=\"(max-width: 768px) 100vw, 768px\" \/>\t\t\t\t\t\t\t\t\t\t\t\t\t\t\t<\/div>\n\t\t\t\t<\/div>\n\t\t\t\t\t<\/div>\n\t\t<\/div>\n\t\t\t\t<div class=\"elementor-column elementor-col-50 elementor-top-column elementor-element elementor-element-ac914e0\" data-id=\"ac914e0\" data-element_type=\"column\" data-e-type=\"column\" data-settings=\"{&quot;background_background&quot;:&quot;classic&quot;}\">\n\t\t\t<div class=\"elementor-widget-wrap elementor-element-populated\">\n\t\t\t\t\t\t<div class=\"elementor-element elementor-element-49414f9 cmsmasters-block-default cmsmasters-sticky-default elementor-widget elementor-widget-text-editor\" data-id=\"49414f9\" data-element_type=\"widget\" data-e-type=\"widget\" data-widget_type=\"text-editor.default\">\n\t\t\t\t<div class=\"elementor-widget-container\">\n\t\t\t\t\t\t\t\t\t<h2><strong><span style=\"color: #ffffff;\">Leistungen<\/span><\/strong><\/h2><p>Unsere Praxis bietet Ihnen eine gr\u00fcndliche Untersuchung und Diagnosestellung Ihrer Beschwerden an. Aufgrund unserer umfassenden medizinischen Kenntnisse und modernster Diagnostikverfahren k\u00f6nnen wir schnell und genau eine Diagnose stellen und eine individuelle Therapieempfehlung aussprechen.<\/p>\t\t\t\t\t\t\t\t<\/div>\n\t\t\t\t<\/div>\n\t\t\t\t\t<\/div>\n\t\t<\/div>\n\t\t\t\t\t<\/div>\n\t\t<\/section>\n\t\t\t\t<section class=\"elementor-section elementor-top-section elementor-element elementor-element-86e489f elementor-section-boxed elementor-section-height-default elementor-section-height-default cmsmasters-block-default\" data-id=\"86e489f\" data-element_type=\"section\" data-e-type=\"section\">\n\t\t\t\t\t\t<div class=\"elementor-container elementor-column-gap-no\">\n\t\t\t\t\t<div class=\"elementor-column elementor-col-100 elementor-top-column elementor-element elementor-element-c8a32b3\" data-id=\"c8a32b3\" data-element_type=\"column\" data-e-type=\"column\">\n\t\t\t<div class=\"elementor-widget-wrap elementor-element-populated\">\n\t\t\t\t\t\t<section class=\"elementor-section elementor-inner-section elementor-element elementor-element-3a99403 elementor-section-full_width elementor-section-height-default elementor-section-height-default cmsmasters-block-default\" data-id=\"3a99403\" data-element_type=\"section\" data-e-type=\"section\">\n\t\t\t\t\t\t<div class=\"elementor-container elementor-column-gap-wide\">\n\t\t\t\t\t<div class=\"elementor-column elementor-col-50 elementor-inner-column elementor-element elementor-element-46ccc9f\" data-id=\"46ccc9f\" data-element_type=\"column\" data-e-type=\"column\">\n\t\t\t<div class=\"elementor-widget-wrap elementor-element-populated\">\n\t\t\t\t\t\t<div class=\"elementor-element elementor-element-1d888f5 cmsmasters-block-default cmsmasters-sticky-default elementor-widget elementor-widget-heading\" data-id=\"1d888f5\" data-element_type=\"widget\" data-e-type=\"widget\" data-widget_type=\"heading.default\">\n\t\t\t\t<div class=\"elementor-widget-container\">\n\t\t\t\t\t<h4 class=\"elementor-heading-title elementor-size-default\"><h3><b>LEISTUNGEN IM \u00dcBERBLICK<\/b><\/h3><\/h4>\t\t\t\t<\/div>\n\t\t\t\t<\/div>\n\t\t\t\t\t<\/div>\n\t\t<\/div>\n\t\t\t\t<div class=\"elementor-column elementor-col-50 elementor-inner-column elementor-element elementor-element-5d5c844 elementor-hidden-tablet elementor-hidden-phone\" data-id=\"5d5c844\" data-element_type=\"column\" data-e-type=\"column\">\n\t\t\t<div class=\"elementor-widget-wrap elementor-element-populated\">\n\t\t\t\t\t\t<div class=\"elementor-element elementor-element-566f96e elementor-view-default cmsmasters-block-default cmsmasters-sticky-default elementor-widget elementor-widget-icon\" data-id=\"566f96e\" data-element_type=\"widget\" data-e-type=\"widget\" data-widget_type=\"icon.default\">\n\t\t\t\t<div class=\"elementor-widget-container\">\n\t\t\t\t\t\t\t<div class=\"elementor-icon-wrapper\">\n\t\t\t<div class=\"elementor-icon\">\n\t\t\t<svg xmlns=\"http:\/\/www.w3.org\/2000\/svg\" width=\"509\" height=\"512\" viewBox=\"0 0 509 512\" fill=\"none\"><circle cx=\"185.665\" cy=\"254.624\" r=\"185.665\" fill=\"#A4DBEC\"><\/circle><path d=\"M156.775 464.827H138.16V483.442C138.16 485.91 137.18 488.278 135.434 490.023C133.689 491.769 131.321 492.749 128.853 492.749C126.384 492.749 124.017 491.769 122.272 490.023C120.526 488.278 119.546 485.91 119.546 483.442V464.827H100.931C98.4622 464.827 96.0948 463.846 94.3494 462.101C92.6039 460.355 91.6233 457.988 91.6233 455.52C91.6233 453.051 92.6039 450.684 94.3494 448.938C96.0948 447.193 98.4622 446.212 100.931 446.212H119.546V427.597C119.546 425.129 120.526 422.761 122.272 421.016C124.017 419.271 126.384 418.29 128.853 418.29C131.321 418.29 133.689 419.271 135.434 421.016C137.18 422.761 138.16 425.129 138.16 427.597V446.212H156.775C159.244 446.212 161.611 447.193 163.356 448.938C165.102 450.684 166.083 453.051 166.083 455.52C166.083 457.988 165.102 460.355 163.356 462.101C161.611 463.846 159.244 464.827 156.775 464.827Z\" fill=\"#1C1C1C\"><\/path><path d=\"M435.998 483.442H352.231C349.763 483.442 347.395 482.461 345.65 480.716C343.904 478.97 342.924 476.603 342.924 474.134C342.924 471.666 343.904 469.299 345.65 467.553C347.395 465.808 349.763 464.827 352.231 464.827H435.998C438.466 464.827 440.834 465.808 442.579 467.553C444.325 469.299 445.305 471.666 445.305 474.134C445.305 476.603 444.325 478.97 442.579 480.716C440.834 482.461 438.466 483.442 435.998 483.442Z\" fill=\"#1C1C1C\"><\/path><path d=\"M480.673 371.949C456.474 341.3 356.829 309.18 335.878 302.683C335.153 290.653 333.767 278.672 331.727 266.794C347.601 251.355 358.575 231.582 363.279 209.944C372.954 203.331 379.98 193.511 383.116 182.219C386.251 170.927 385.294 158.891 380.414 148.236C387.217 119.777 385.337 89.9323 375.016 62.5521C382.261 54.4073 387.044 44.3725 388.809 33.6153C389.103 31.7118 388.95 29.7661 388.364 27.9316C387.777 26.0971 386.772 24.424 385.428 23.0442C384.085 21.6644 382.439 20.6155 380.62 19.9804C378.802 19.3453 376.861 19.1412 374.951 19.3843C358.819 21.9077 342.305 19.0731 327.939 11.3148C291.089 -3.77159 249.786 -3.77159 212.936 11.3148C167.386 32.638 136.616 93.4619 152.652 152.843C149.364 163.549 149.677 175.037 153.544 185.548C157.411 196.058 164.617 205.011 174.059 211.033C178.953 231.869 189.24 251.051 203.89 266.654C201.844 278.601 200.449 290.65 199.711 302.748C178.024 309.264 80.6689 339.596 56.5813 369.278C34.8113 396.13 27.021 491.205 26.2019 501.955C26.0433 504.399 26.8547 506.807 28.4601 508.658C30.0654 510.508 32.3354 511.65 34.7777 511.838C37.22 512.025 39.6378 511.242 41.5066 509.659C43.3755 508.075 44.5447 505.819 44.7609 503.379C46.8644 475.764 55.6692 399.964 71.0357 381.005C88.2823 359.756 164.026 333.174 200.344 322.015C241.817 413.097 267.357 406.358 267.357 406.358C292.617 406.358 321.34 352.32 335.487 322.071C372.177 333.789 448.879 361.655 466.098 383.499C480.813 402.114 488.25 476.257 489.878 503.23C490.025 505.698 491.147 508.007 492.996 509.649C494.845 511.291 497.271 512.13 499.74 511.984C502.208 511.837 504.517 510.715 506.159 508.866C507.8 507.017 508.64 504.591 508.493 502.122C507.814 491.577 501.662 398.522 480.673 371.949V371.949ZM220.829 28.1612C255.974 11.715 302.734 20.0265 320.614 28.4404C335.328 35.8436 351.678 39.3949 368.137 38.7623C362.348 53.468 351.552 53.952 356.187 65.428C365.864 89.0513 368.347 115.007 363.326 140.036C354.752 126.921 350.04 111.659 349.727 95.9936C349.681 94.083 349.194 92.2091 348.304 90.5174C347.415 88.8258 346.148 87.362 344.601 86.24C343.054 85.118 341.269 84.368 339.385 84.0482C337.5 83.7285 335.568 83.8477 333.737 84.3965C290.047 97.1228 243.654 97.2809 199.878 84.8526C198.07 84.3217 196.165 84.2102 194.308 84.5266C192.45 84.8429 190.69 85.5788 189.159 86.6782C187.629 87.7776 186.37 89.2115 185.477 90.8709C184.585 92.5303 184.083 94.3714 184.009 96.2542C183.396 111.814 178.015 126.809 168.596 139.208C160.759 96.2542 181.543 46.5712 220.829 28.1612V28.1612ZM190.571 198.971C173.473 189.887 167.6 177.936 169.331 163.966C177.941 161.173 198.342 135.168 201.991 104.696C244.529 115.459 289.094 115.328 331.569 104.314C334.473 134.377 353.953 166.739 366.471 166.367C367.774 181.007 358.095 191.329 346.386 198.887C331.029 291.421 212.22 309.273 190.571 198.971V198.971ZM267.348 387.734C258.245 387.678 235.647 354.283 217.395 314.55C217.897 303.375 218.991 292.234 220.671 281.174C249.105 299.584 287.573 295.209 314.676 279.443C316.499 291.205 317.68 303.059 318.213 314.95C284.408 386.645 267.348 387.734 267.348 387.734Z\" fill=\"#1C1C1C\"><\/path><\/svg>\t\t\t<\/div>\n\t\t<\/div>\n\t\t\t\t\t\t<\/div>\n\t\t\t\t<\/div>\n\t\t\t\t\t<\/div>\n\t\t<\/div>\n\t\t\t\t\t<\/div>\n\t\t<\/section>\n\t\t\t\t<section class=\"elementor-section elementor-inner-section elementor-element elementor-element-d842812 elementor-section-full_width elementor-reverse-tablet elementor-reverse-mobile elementor-section-height-default elementor-section-height-default cmsmasters-block-default\" data-id=\"d842812\" data-element_type=\"section\" data-e-type=\"section\">\n\t\t\t\t\t\t<div class=\"elementor-container elementor-column-gap-wide\">\n\t\t\t\t\t<div class=\"elementor-column elementor-col-33 elementor-inner-column elementor-element elementor-element-a5f696c\" data-id=\"a5f696c\" data-element_type=\"column\" data-e-type=\"column\">\n\t\t\t<div class=\"elementor-widget-wrap elementor-element-populated\">\n\t\t\t\t\t\t<div class=\"elementor-element elementor-element-7e43e32 cmsmasters-block-default cmsmasters-sticky-default elementor-widget elementor-widget-heading\" data-id=\"7e43e32\" data-element_type=\"widget\" data-e-type=\"widget\" data-widget_type=\"heading.default\">\n\t\t\t\t<div class=\"elementor-widget-container\">\n\t\t\t\t\t<h4 class=\"elementor-heading-title elementor-size-default\">OP-Freigabe<\/h4>\t\t\t\t<\/div>\n\t\t\t\t<\/div>\n\t\t\t\t<div class=\"elementor-element elementor-element-3703a7e cmsmasters-block-default cmsmasters-sticky-default elementor-widget elementor-widget-text-editor\" data-id=\"3703a7e\" data-element_type=\"widget\" data-e-type=\"widget\" data-widget_type=\"text-editor.default\">\n\t\t\t\t<div class=\"elementor-widget-container\">\n\t\t\t\t\t\t\t\t\t<p>Wir f\u00fchren eine gr\u00fcndliche Untersuchung durch und stellen eine OP-Freigabe aus, wenn die Gesundheit des Patienten eine Operation zul\u00e4sst. Wir beraten Sie gerne ausf\u00fchrlich zu den Risiken und Vorteilen einer Operation und stehen Ihnen mit unserem medizinischen Know-how zur Seite.<br><br><\/p>\n<p><\/p>\t\t\t\t\t\t\t\t<\/div>\n\t\t\t\t<\/div>\n\t\t\t\t<div class=\"elementor-element elementor-element-52577b3 cmsmasters-block-default cmsmasters-sticky-default elementor-widget elementor-widget-heading\" data-id=\"52577b3\" data-element_type=\"widget\" data-e-type=\"widget\" data-widget_type=\"heading.default\">\n\t\t\t\t<div class=\"elementor-widget-container\">\n\t\t\t\t\t<h4 class=\"elementor-heading-title elementor-size-default\">Langzeitblutdruck<\/h4>\t\t\t\t<\/div>\n\t\t\t\t<\/div>\n\t\t\t\t<div class=\"elementor-element elementor-element-522bea6 cmsmasters-block-default cmsmasters-sticky-default elementor-widget elementor-widget-text-editor\" data-id=\"522bea6\" data-element_type=\"widget\" data-e-type=\"widget\" data-widget_type=\"text-editor.default\">\n\t\t\t\t<div class=\"elementor-widget-container\">\n\t\t\t\t\t\t\t\t\t<p>Die 24h-RR-Messung ist eine Methode zur Beurteilung des Blutdrucks \u00fcber einen Zeitraum von 24 Stunden. Hierbei wird ein kleines Ger\u00e4t getragen, das in kurzen Abst\u00e4nden den Blutdruck misst. So k\u00f6nnen wir eventuelle Bluthochdruckerkrankungen diagnostizieren und entsprechend behandeln.<br \/><br \/><\/p>\t\t\t\t\t\t\t\t<\/div>\n\t\t\t\t<\/div>\n\t\t\t\t\t<\/div>\n\t\t<\/div>\n\t\t\t\t<div class=\"elementor-column elementor-col-33 elementor-inner-column elementor-element elementor-element-d1a5c58\" data-id=\"d1a5c58\" data-element_type=\"column\" data-e-type=\"column\">\n\t\t\t<div class=\"elementor-widget-wrap elementor-element-populated\">\n\t\t\t\t\t\t<div class=\"elementor-element elementor-element-21d524a cmsmasters-block-default cmsmasters-sticky-default elementor-widget elementor-widget-heading\" data-id=\"21d524a\" data-element_type=\"widget\" data-e-type=\"widget\" data-widget_type=\"heading.default\">\n\t\t\t\t<div class=\"elementor-widget-container\">\n\t\t\t\t\t<h4 class=\"elementor-heading-title elementor-size-default\">EKG \/ Belastungs-EKG<\/h4>\t\t\t\t<\/div>\n\t\t\t\t<\/div>\n\t\t\t\t<div class=\"elementor-element elementor-element-9195cc3 cmsmasters-block-default cmsmasters-sticky-default elementor-widget elementor-widget-text-editor\" data-id=\"9195cc3\" data-element_type=\"widget\" data-e-type=\"widget\" data-widget_type=\"text-editor.default\">\n\t\t\t\t<div class=\"elementor-widget-container\">\n\t\t\t\t\t\t\t\t\t<p>Das Belastungs-EKG (Ergometrie) ist eine weitere wichtige Untersuchung zur Beurteilung der Herzt\u00e4tigkeit. Hierbei wird die Herzfrequenz und der Blutdruck bei k\u00f6rperlicher Belastung gemessen, um eventuelle Herz-Kreislauf-Erkrankungen festzustellen.<br \/><br \/><\/p>\t\t\t\t\t\t\t\t<\/div>\n\t\t\t\t<\/div>\n\t\t\t\t<div class=\"elementor-element elementor-element-135f2a5 cmsmasters-block-default cmsmasters-sticky-default elementor-widget elementor-widget-heading\" data-id=\"135f2a5\" data-element_type=\"widget\" data-e-type=\"widget\" data-widget_type=\"heading.default\">\n\t\t\t\t<div class=\"elementor-widget-container\">\n\t\t\t\t\t<h4 class=\"elementor-heading-title elementor-size-default\">Lungenfunktions- Untersuchung<br><\/h4>\t\t\t\t<\/div>\n\t\t\t\t<\/div>\n\t\t\t\t<div class=\"elementor-element elementor-element-1c09815 cmsmasters-block-default cmsmasters-sticky-default elementor-widget elementor-widget-text-editor\" data-id=\"1c09815\" data-element_type=\"widget\" data-e-type=\"widget\" data-widget_type=\"text-editor.default\">\n\t\t\t\t<div class=\"elementor-widget-container\">\n\t\t\t\t\t\t\t\t\t<p>Die Spirometrie ist eine wichtige Untersuchungsmethode zur Beurteilung der Lungenfunktion. Hierbei wird die Lungenkapazit\u00e4t gemessen und verschiedene Lungenerkrankungen diagnostiziert<\/p>\t\t\t\t\t\t\t\t<\/div>\n\t\t\t\t<\/div>\n\t\t\t\t\t<\/div>\n\t\t<\/div>\n\t\t\t\t<div class=\"elementor-column elementor-col-33 elementor-inner-column elementor-element elementor-element-7f786f5\" data-id=\"7f786f5\" data-element_type=\"column\" data-e-type=\"column\">\n\t\t\t<div class=\"elementor-widget-wrap elementor-element-populated\">\n\t\t\t\t\t\t<div class=\"elementor-element elementor-element-33309d0 cmsmasters-block-default cmsmasters-sticky-default elementor-widget elementor-widget-heading\" data-id=\"33309d0\" data-element_type=\"widget\" data-e-type=\"widget\" data-widget_type=\"heading.default\">\n\t\t\t\t<div class=\"elementor-widget-container\">\n\t\t\t\t\t<h4 class=\"elementor-heading-title elementor-size-default\">Herzultraschall<\/h4>\t\t\t\t<\/div>\n\t\t\t\t<\/div>\n\t\t\t\t<div class=\"elementor-element elementor-element-cab6ae7 cmsmasters-block-default cmsmasters-sticky-default elementor-widget elementor-widget-text-editor\" data-id=\"cab6ae7\" data-element_type=\"widget\" data-e-type=\"widget\" data-widget_type=\"text-editor.default\">\n\t\t\t\t<div class=\"elementor-widget-container\">\n\t\t\t\t\t\t\t\t\t<p>Die Echokardiographie ist eine Ultraschalluntersuchung des Herzens, die uns erm\u00f6glicht, die Herzstruktur, die Herzklappen und die Pumpfunktion des Herzens zu beurteilen. Hierbei k\u00f6nnen wir verschiedene Herz-Kreislauf-Erkrankungen feststellen und entsprechend behandeln.<\/p>\t\t\t\t\t\t\t\t<\/div>\n\t\t\t\t<\/div>\n\t\t\t\t<div class=\"elementor-element elementor-element-16a28fd cmsmasters-block-default cmsmasters-sticky-default elementor-widget elementor-widget-heading\" data-id=\"16a28fd\" data-element_type=\"widget\" data-e-type=\"widget\" data-widget_type=\"heading.default\">\n\t\t\t\t<div class=\"elementor-widget-container\">\n\t\t\t\t\t<h4 class=\"elementor-heading-title elementor-size-default\">Langzeit-EKG<\/h4>\t\t\t\t<\/div>\n\t\t\t\t<\/div>\n\t\t\t\t<div class=\"elementor-element elementor-element-8273cbd cmsmasters-block-default cmsmasters-sticky-default elementor-widget elementor-widget-text-editor\" data-id=\"8273cbd\" data-element_type=\"widget\" data-e-type=\"widget\" data-widget_type=\"text-editor.default\">\n\t\t\t\t<div class=\"elementor-widget-container\">\n\t\t\t\t\t\t\t\t\t<p>Das Langzeit-EKG ist eine wichtige Untersuchungsmethode, um unregelm\u00e4\u00dfige Herzrhythmen aufzuzeichnen und m\u00f6gliche Herzrhythmusst\u00f6rungen zu diagnostizieren. Hierbei wird ein kleines Ger\u00e4t \u00fcber einen Zeitraum von 24 Stunden bis 7 Tage getragen, das die Herzfrequenz aufzeichnet.<\/p>\t\t\t\t\t\t\t\t<\/div>\n\t\t\t\t<\/div>\n\t\t\t\t\t<\/div>\n\t\t<\/div>\n\t\t\t\t\t<\/div>\n\t\t<\/section>\n\t\t\t\t\t<\/div>\n\t\t<\/div>\n\t\t\t\t\t<\/div>\n\t\t<\/section>\n\t\t\t\t<\/div>\n\t\t","protected":false},"excerpt":{"rendered":"<p>Leistungen Unsere Praxis bietet Ihnen eine gr\u00fcndliche Untersuchung und Diagnosestellung Ihrer Beschwerden an. Aufgrund unserer umfassenden medizinischen Kenntnisse und modernster Diagnostikverfahren k\u00f6nnen wir schnell und genau eine Diagnose stellen und eine individuelle Therapieempfehlung aussprechen. LEISTUNGEN IM \u00dcBERBLICK OP-Freigabe Wir f\u00fchren eine gr\u00fcndliche Untersuchung durch und stellen eine OP-Freigabe aus, wenn die Gesundheit des Patienten eine&#8230;<\/p>\n","protected":false},"author":1,"featured_media":0,"parent":0,"menu_order":0,"comment_status":"closed","ping_status":"closed","template":"elementor_header_footer","meta":{"inline_featured_image":false,"footnotes":""},"class_list":["post-9719","page","type-page","status-publish","hentry"],"acf":[],"_links":{"self":[{"href":"https:\/\/mazinanian.at\/index.php?rest_route=\/wp\/v2\/pages\/9719","targetHints":{"allow":["GET"]}}],"collection":[{"href":"https:\/\/mazinanian.at\/index.php?rest_route=\/wp\/v2\/pages"}],"about":[{"href":"https:\/\/mazinanian.at\/index.php?rest_route=\/wp\/v2\/types\/page"}],"author":[{"embeddable":true,"href":"https:\/\/mazinanian.at\/index.php?rest_route=\/wp\/v2\/users\/1"}],"replies":[{"embeddable":true,"href":"https:\/\/mazinanian.at\/index.php?rest_route=%2Fwp%2Fv2%2Fcomments&post=9719"}],"version-history":[{"count":37,"href":"https:\/\/mazinanian.at\/index.php?rest_route=\/wp\/v2\/pages\/9719\/revisions"}],"predecessor-version":[{"id":9947,"href":"https:\/\/mazinanian.at\/index.php?rest_route=\/wp\/v2\/pages\/9719\/revisions\/9947"}],"wp:attachment":[{"href":"https:\/\/mazinanian.at\/index.php?rest_route=%2Fwp%2Fv2%2Fmedia&parent=9719"}],"curies":[{"name":"wp","href":"https:\/\/api.w.org\/{rel}","templated":true}]}}