{"id":9932,"date":"2023-08-21T14:39:27","date_gmt":"2023-08-21T12:39:27","guid":{"rendered":"http:\/\/mazinanian.at\/?page_id=9932"},"modified":"2023-08-21T14:55:55","modified_gmt":"2023-08-21T12:55:55","slug":"impressum","status":"publish","type":"page","link":"https:\/\/mazinanian.at\/?page_id=9932","title":{"rendered":"Impressum"},"content":{"rendered":"\t\t<div data-elementor-type=\"wp-page\" data-elementor-id=\"9932\" class=\"elementor elementor-9932\">\n\t\t\t\t\t\t<section class=\"elementor-section elementor-top-section elementor-element elementor-element-75e5056 elementor-section-boxed elementor-section-height-default elementor-section-height-default cmsmasters-block-default\" data-id=\"75e5056\" data-element_type=\"section\" data-e-type=\"section\" data-settings=\"{&quot;background_background&quot;:&quot;gradient&quot;}\">\n\t\t\t\t\t\t<div class=\"elementor-container elementor-column-gap-no\">\n\t\t\t\t\t<div class=\"elementor-column elementor-col-100 elementor-top-column elementor-element elementor-element-ac914e0\" data-id=\"ac914e0\" data-element_type=\"column\" data-e-type=\"column\" data-settings=\"{&quot;background_background&quot;:&quot;classic&quot;}\">\n\t\t\t<div class=\"elementor-widget-wrap elementor-element-populated\">\n\t\t\t\t\t\t<div class=\"elementor-element elementor-element-49414f9 cmsmasters-block-default cmsmasters-sticky-default elementor-widget elementor-widget-text-editor\" data-id=\"49414f9\" data-element_type=\"widget\" data-e-type=\"widget\" data-widget_type=\"text-editor.default\">\n\t\t\t\t<div class=\"elementor-widget-container\">\n\t\t\t\t\t\t\t\t\t<h2><strong><span style=\"color: #ffffff;\">Impressum<\/span><\/strong><\/h2>\t\t\t\t\t\t\t\t<\/div>\n\t\t\t\t<\/div>\n\t\t\t\t\t<\/div>\n\t\t<\/div>\n\t\t\t\t\t<\/div>\n\t\t<\/section>\n\t\t\t\t<section class=\"elementor-section elementor-top-section elementor-element elementor-element-86e489f elementor-section-boxed elementor-section-height-default elementor-section-height-default cmsmasters-block-default\" data-id=\"86e489f\" data-element_type=\"section\" data-e-type=\"section\">\n\t\t\t\t\t\t<div class=\"elementor-container elementor-column-gap-no\">\n\t\t\t\t\t<div class=\"elementor-column elementor-col-100 elementor-top-column elementor-element elementor-element-c8a32b3\" data-id=\"c8a32b3\" data-element_type=\"column\" data-e-type=\"column\">\n\t\t\t<div class=\"elementor-widget-wrap elementor-element-populated\">\n\t\t\t\t\t\t<div class=\"elementor-element elementor-element-f947743 cmsmasters-block-default cmsmasters-sticky-default elementor-widget elementor-widget-text-editor\" data-id=\"f947743\" data-element_type=\"widget\" data-e-type=\"widget\" data-widget_type=\"text-editor.default\">\n\t\t\t\t<div class=\"elementor-widget-container\">\n\t\t\t\t\t\t\t\t\t<p><span style=\"text-decoration: underline;\"><strong>Impressum<\/strong><\/span><\/p><p><span style=\"background-color: var(--cmsmasters-main-container-bg-color); color: var(--cmsmasters-colors-text); font-family: var(--cmsmasters-base-font-family); font-size: var(--cmsmasters-base-font-size); font-style: var(--cmsmasters-base-font-style); font-weight: var(--cmsmasters-base-font-weight); letter-spacing: var(--cmsmasters-base-letter-spacing); text-transform: var(--cmsmasters-base-text-transform);\">Information gem\u00e4\u00df \u00a7 5 E-Commerce Gesetz und Offenlegung gem\u00e4\u00df \u00a7 25 Mediengesetz:<\/span><\/p><p><span style=\"background-color: var(--cmsmasters-main-container-bg-color); color: var(--cmsmasters-colors-text); font-family: var(--cmsmasters-base-font-family); font-size: var(--cmsmasters-base-font-size); font-style: var(--cmsmasters-base-font-style); font-weight: var(--cmsmasters-base-font-weight); letter-spacing: var(--cmsmasters-base-letter-spacing); text-transform: var(--cmsmasters-base-text-transform);\"><strong>Webseiteninhaber<\/strong>:<\/span><\/p><p>Dr. Alireza Mazinanian<br \/><span style=\"background-color: var(--cmsmasters-main-container-bg-color); color: var(--cmsmasters-colors-text); font-family: var(--cmsmasters-base-font-family); font-size: var(--cmsmasters-base-font-size); font-style: var(--cmsmasters-base-font-style); font-weight: var(--cmsmasters-base-font-weight); letter-spacing: var(--cmsmasters-base-letter-spacing); text-transform: var(--cmsmasters-base-text-transform);\">Adresse: Sonnenstra\u00dfe 7, 3812 Waldreichs<\/span><\/p><p><span style=\"background-color: var(--cmsmasters-main-container-bg-color); color: var(--cmsmasters-colors-text); font-family: var(--cmsmasters-base-font-family); font-size: var(--cmsmasters-base-font-size); font-style: var(--cmsmasters-base-font-style); font-weight: var(--cmsmasters-base-font-weight); letter-spacing: var(--cmsmasters-base-letter-spacing); text-transform: var(--cmsmasters-base-text-transform);\"><strong>Kontakt:<\/strong><br \/><\/span><span style=\"background-color: var(--cmsmasters-main-container-bg-color); color: var(--cmsmasters-colors-text); font-family: var(--cmsmasters-base-font-family); font-size: var(--cmsmasters-base-font-size); font-style: var(--cmsmasters-base-font-style); font-weight: var(--cmsmasters-base-font-weight); letter-spacing: var(--cmsmasters-base-letter-spacing); text-transform: var(--cmsmasters-base-text-transform);\">Telefon: 0676 \/ 33 33 730<br \/><\/span><span style=\"background-color: var(--cmsmasters-main-container-bg-color); color: var(--cmsmasters-colors-text); font-family: var(--cmsmasters-base-font-family); font-size: var(--cmsmasters-base-font-size); font-style: var(--cmsmasters-base-font-style); font-weight: var(--cmsmasters-base-font-weight); letter-spacing: var(--cmsmasters-base-letter-spacing); text-transform: var(--cmsmasters-base-text-transform);\">E-Mail: office@mazinanian.at<\/span><\/p><p><strong>Berufsbezeichnung:<\/strong><br \/><span style=\"background-color: var(--cmsmasters-main-container-bg-color); color: var(--cmsmasters-colors-text); font-family: var(--cmsmasters-base-font-family); font-size: var(--cmsmasters-base-font-size); font-style: var(--cmsmasters-base-font-style); font-weight: var(--cmsmasters-base-font-weight); letter-spacing: var(--cmsmasters-base-letter-spacing); text-transform: var(--cmsmasters-base-text-transform);\">Arzt<\/span><\/p><p><strong>Zust\u00e4ndige Kammer:<\/strong><br \/><span style=\"background-color: var(--cmsmasters-main-container-bg-color); color: var(--cmsmasters-colors-text); font-family: var(--cmsmasters-base-font-family); font-size: var(--cmsmasters-base-font-size); font-style: var(--cmsmasters-base-font-style); font-weight: var(--cmsmasters-base-font-weight); letter-spacing: var(--cmsmasters-base-letter-spacing); text-transform: var(--cmsmasters-base-text-transform);\">\u00c4rztekammer f\u00fcr Nieder\u00f6sterreich<\/span><\/p><p><strong>Unternehmensgegenstand:<\/strong><br \/><span style=\"background-color: var(--cmsmasters-main-container-bg-color); color: var(--cmsmasters-colors-text); font-family: var(--cmsmasters-base-font-family); font-size: var(--cmsmasters-base-font-size); font-style: var(--cmsmasters-base-font-style); font-weight: var(--cmsmasters-base-font-weight); letter-spacing: var(--cmsmasters-base-letter-spacing); text-transform: var(--cmsmasters-base-text-transform);\">Medizinische Dienstleistungen<\/span><\/p><p><strong>Verantwortlich f\u00fcr den Inhalt:<\/strong><br \/><span style=\"background-color: var(--cmsmasters-main-container-bg-color); color: var(--cmsmasters-colors-text); font-family: var(--cmsmasters-base-font-family); font-size: var(--cmsmasters-base-font-size); font-style: var(--cmsmasters-base-font-style); font-weight: var(--cmsmasters-base-font-weight); letter-spacing: var(--cmsmasters-base-letter-spacing); text-transform: var(--cmsmasters-base-text-transform);\">Dr. Alireza Mazinanian<\/span><\/p><p><span style=\"background-color: var(--cmsmasters-main-container-bg-color); color: var(--cmsmasters-colors-text); font-family: var(--cmsmasters-base-font-family); font-size: var(--cmsmasters-base-font-size); font-style: var(--cmsmasters-base-font-style); font-weight: var(--cmsmasters-base-font-weight); letter-spacing: var(--cmsmasters-base-letter-spacing); text-transform: var(--cmsmasters-base-text-transform);\"><strong>Haftungsausschluss:<\/strong><br \/><\/span><span style=\"background-color: var(--cmsmasters-main-container-bg-color); color: var(--cmsmasters-colors-text); font-family: var(--cmsmasters-base-font-family); font-size: var(--cmsmasters-base-font-size); font-style: var(--cmsmasters-base-font-style); font-weight: var(--cmsmasters-base-font-weight); letter-spacing: var(--cmsmasters-base-letter-spacing); text-transform: var(--cmsmasters-base-text-transform);\">Die Inhalte dieser Webseite wurden mit gr\u00f6\u00dfter Sorgfalt erstellt. F\u00fcr die Richtigkeit, Vollst\u00e4ndigkeit und Aktualit\u00e4t der Inhalte kann jedoch keine Gew\u00e4hr \u00fcbernommen werden. Jede Haftung f\u00fcr Sch\u00e4den, die direkt oder indirekt aus der Benutzung dieser Webseite entstehen, wird ausgeschlossen.<\/span><\/p><p><strong>Copyright:<\/strong><br \/><span style=\"background-color: var(--cmsmasters-main-container-bg-color); color: var(--cmsmasters-colors-text); font-family: var(--cmsmasters-base-font-family); font-size: var(--cmsmasters-base-font-size); font-style: var(--cmsmasters-base-font-style); font-weight: var(--cmsmasters-base-font-weight); letter-spacing: var(--cmsmasters-base-letter-spacing); text-transform: var(--cmsmasters-base-text-transform);\">Alle Inhalte, Texte und Grafiken sind urheberrechtlich gesch\u00fctzt. Das Kopieren und Verwenden dieser Inhalte, insbesodere zur kommerziellen Nutzung, ist ohne vorherige Zustimmung untersagt.<\/span><\/p>\t\t\t\t\t\t\t\t<\/div>\n\t\t\t\t<\/div>\n\t\t\t\t\t<\/div>\n\t\t<\/div>\n\t\t\t\t\t<\/div>\n\t\t<\/section>\n\t\t\t\t<\/div>\n\t\t","protected":false},"excerpt":{"rendered":"<p>Impressum Impressum Information gem\u00e4\u00df \u00a7 5 E-Commerce Gesetz und Offenlegung gem\u00e4\u00df \u00a7 25 Mediengesetz: Webseiteninhaber: Dr. Alireza Mazinanian Adresse: Sonnenstra\u00dfe 7, 3812 Waldreichs Kontakt: Telefon: 0676 \/ 33 33 730 E-Mail: office@mazinanian.at Berufsbezeichnung: Arzt Zust\u00e4ndige Kammer: \u00c4rztekammer f\u00fcr Nieder\u00f6sterreich Unternehmensgegenstand: Medizinische Dienstleistungen Verantwortlich f\u00fcr den Inhalt: Dr. Alireza Mazinanian Haftungsausschluss: Die Inhalte dieser Webseite wurden&#8230;<\/p>\n","protected":false},"author":1,"featured_media":0,"parent":0,"menu_order":0,"comment_status":"closed","ping_status":"closed","template":"","meta":{"inline_featured_image":false,"footnotes":""},"class_list":["post-9932","page","type-page","status-publish","hentry"],"acf":[],"_links":{"self":[{"href":"https:\/\/mazinanian.at\/index.php?rest_route=\/wp\/v2\/pages\/9932","targetHints":{"allow":["GET"]}}],"collection":[{"href":"https:\/\/mazinanian.at\/index.php?rest_route=\/wp\/v2\/pages"}],"about":[{"href":"https:\/\/mazinanian.at\/index.php?rest_route=\/wp\/v2\/types\/page"}],"author":[{"embeddable":true,"href":"https:\/\/mazinanian.at\/index.php?rest_route=\/wp\/v2\/users\/1"}],"replies":[{"embeddable":true,"href":"https:\/\/mazinanian.at\/index.php?rest_route=%2Fwp%2Fv2%2Fcomments&post=9932"}],"version-history":[{"count":5,"href":"https:\/\/mazinanian.at\/index.php?rest_route=\/wp\/v2\/pages\/9932\/revisions"}],"predecessor-version":[{"id":9940,"href":"https:\/\/mazinanian.at\/index.php?rest_route=\/wp\/v2\/pages\/9932\/revisions\/9940"}],"wp:attachment":[{"href":"https:\/\/mazinanian.at\/index.php?rest_route=%2Fwp%2Fv2%2Fmedia&parent=9932"}],"curies":[{"name":"wp","href":"https:\/\/api.w.org\/{rel}","templated":true}]}}