{"id":9954,"date":"2023-08-21T15:41:43","date_gmt":"2023-08-21T13:41:43","guid":{"rendered":"https:\/\/mazinanian.at\/?page_id=9954"},"modified":"2024-11-02T20:08:08","modified_gmt":"2024-11-02T19:08:08","slug":"datenschutzerklaerung","status":"publish","type":"page","link":"https:\/\/mazinanian.at\/?page_id=9954","title":{"rendered":"Datenschutzerkl\u00e4rung"},"content":{"rendered":"\t\t<div data-elementor-type=\"wp-page\" data-elementor-id=\"9954\" class=\"elementor elementor-9954\">\n\t\t\t\t\t\t<section class=\"elementor-section elementor-top-section elementor-element elementor-element-75e5056 elementor-section-boxed elementor-section-height-default elementor-section-height-default cmsmasters-block-default\" data-id=\"75e5056\" data-element_type=\"section\" data-e-type=\"section\" data-settings=\"{&quot;background_background&quot;:&quot;gradient&quot;}\">\n\t\t\t\t\t\t<div class=\"elementor-container elementor-column-gap-no\">\n\t\t\t\t\t<div class=\"elementor-column elementor-col-100 elementor-top-column elementor-element elementor-element-ac914e0\" data-id=\"ac914e0\" data-element_type=\"column\" data-e-type=\"column\" data-settings=\"{&quot;background_background&quot;:&quot;classic&quot;}\">\n\t\t\t<div class=\"elementor-widget-wrap elementor-element-populated\">\n\t\t\t\t\t\t<div class=\"elementor-element elementor-element-49414f9 cmsmasters-block-default cmsmasters-sticky-default elementor-widget elementor-widget-text-editor\" data-id=\"49414f9\" data-element_type=\"widget\" data-e-type=\"widget\" data-widget_type=\"text-editor.default\">\n\t\t\t\t<div class=\"elementor-widget-container\">\n\t\t\t\t\t\t\t\t\t<h2><strong><span style=\"color: #ffffff;\">Impressum<\/span><\/strong><\/h2>\t\t\t\t\t\t\t\t<\/div>\n\t\t\t\t<\/div>\n\t\t\t\t\t<\/div>\n\t\t<\/div>\n\t\t\t\t\t<\/div>\n\t\t<\/section>\n\t\t\t\t<section class=\"elementor-section elementor-top-section elementor-element elementor-element-86e489f elementor-section-boxed elementor-section-height-default elementor-section-height-default cmsmasters-block-default\" data-id=\"86e489f\" data-element_type=\"section\" data-e-type=\"section\">\n\t\t\t\t\t\t<div class=\"elementor-container elementor-column-gap-no\">\n\t\t\t\t\t<div class=\"elementor-column elementor-col-100 elementor-top-column elementor-element elementor-element-c8a32b3\" data-id=\"c8a32b3\" data-element_type=\"column\" data-e-type=\"column\">\n\t\t\t<div class=\"elementor-widget-wrap elementor-element-populated\">\n\t\t\t\t\t\t<div class=\"elementor-element elementor-element-f947743 cmsmasters-block-default cmsmasters-sticky-default elementor-widget elementor-widget-text-editor\" data-id=\"f947743\" data-element_type=\"widget\" data-e-type=\"widget\" data-widget_type=\"text-editor.default\">\n\t\t\t\t<div class=\"elementor-widget-container\">\n\t\t\t\t\t\t\t\t\t<p><strong>Datenschutzerkl\u00e4rung<\/strong><\/p><p><strong>1. Allgemeines<\/strong><\/p><p>Ich, Dr. Alireza Mazinanian und mein Ordinationsteam, nehmen den Schutz Ihrer pers\u00f6nlichen Daten sehr ernst und halten uns an die Regeln der Datenschutzgesetze. Die folgenden Informationen geben einen \u00dcberblick dar\u00fcber, wie wir diesen Schutz gew\u00e4hrleisten und welche Art von Daten zu welchem Zweck erhoben werden.<\/p><p><strong>2. Datenverarbeitung auf dieser Internetseite<\/strong><\/p><p>Unsere Webseite erhebt und speichert automatisch in ihren Server Log Files Informationen, die Ihr Browser an uns \u00fcbermittelt. Dies sind:<\/p><ul><li>Browsertyp und -version<\/li><li>verwendetes Betriebssystem<\/li><li>Referrer URL (die zuvor besuchte Seite)<\/li><li>Hostname des zugreifenden Rechners (IP Adresse)<\/li><li>Uhrzeit der Serveranfrage.<\/li><\/ul><p>Diese Daten sind f\u00fcr uns nicht bestimmten Personen zuordenbar. Eine Zusammenf\u00fchrung dieser Daten mit anderen Datenquellen wird nicht vorgenommen.<\/p><p><strong>3. Cookies<\/strong><\/p><p>Unsere Webseite verwendet an mehreren Stellen so genannte Cookies. Sie dienen dazu, unser Angebot nutzerfreundlicher, effektiver und sicherer zu machen. Cookies sind kleine Textdateien, die auf Ihrem Rechner abgelegt werden und die Ihr Browser speichert.<\/p><p><strong>4. Ihre Rechte<\/strong><\/p><p>Sie haben das Recht auf Auskunft \u00fcber die bez\u00fcglich Ihrer Person gespeicherten Daten, deren Herkunft und Empf\u00e4nger sowie den Zweck der Speicherung. Zus\u00e4tzlich haben Sie das Recht auf Berichtigung, L\u00f6schung oder Einschr\u00e4nkung der Verarbeitung Ihrer personenbezogenen Daten.<\/p><p><strong>5. Weitere Informationen<\/strong><\/p><p>Ihr Vertrauen ist uns wichtig. Daher m\u00f6chten wir Ihnen jederzeit Rede und Antwort stehen bez\u00fcglich der Verarbeitung Ihrer personenbezogenen Daten. Wenn Sie Fragen haben, die Ihnen diese Datenschutzerkl\u00e4rung nicht beantworten konnte oder wenn Sie zu einem Punkt vertiefte Informationen w\u00fcnschen, wenden Sie sich bitte jederzeit an Dr. Alireza Mazinanian.Ich, Dr. Alireza Mazinanian und mein Ordinationsteam,Ich, Dr. Alireza Mazinanian und mein Ordinationsteam,<\/p>\t\t\t\t\t\t\t\t<\/div>\n\t\t\t\t<\/div>\n\t\t\t\t\t<\/div>\n\t\t<\/div>\n\t\t\t\t\t<\/div>\n\t\t<\/section>\n\t\t\t\t<\/div>\n\t\t","protected":false},"excerpt":{"rendered":"<p>Impressum Datenschutzerkl\u00e4rung 1. Allgemeines Ich, Dr. Alireza Mazinanian und mein Ordinationsteam, nehmen den Schutz Ihrer pers\u00f6nlichen Daten sehr ernst und halten uns an die Regeln der Datenschutzgesetze. Die folgenden Informationen geben einen \u00dcberblick dar\u00fcber, wie wir diesen Schutz gew\u00e4hrleisten und welche Art von Daten zu welchem Zweck erhoben werden. 2. Datenverarbeitung auf dieser Internetseite Unsere&#8230;<\/p>\n","protected":false},"author":1,"featured_media":0,"parent":0,"menu_order":0,"comment_status":"closed","ping_status":"closed","template":"","meta":{"inline_featured_image":false,"footnotes":""},"class_list":["post-9954","page","type-page","status-publish","hentry"],"acf":[],"_links":{"self":[{"href":"https:\/\/mazinanian.at\/index.php?rest_route=\/wp\/v2\/pages\/9954","targetHints":{"allow":["GET"]}}],"collection":[{"href":"https:\/\/mazinanian.at\/index.php?rest_route=\/wp\/v2\/pages"}],"about":[{"href":"https:\/\/mazinanian.at\/index.php?rest_route=\/wp\/v2\/types\/page"}],"author":[{"embeddable":true,"href":"https:\/\/mazinanian.at\/index.php?rest_route=\/wp\/v2\/users\/1"}],"replies":[{"embeddable":true,"href":"https:\/\/mazinanian.at\/index.php?rest_route=%2Fwp%2Fv2%2Fcomments&post=9954"}],"version-history":[{"count":10,"href":"https:\/\/mazinanian.at\/index.php?rest_route=\/wp\/v2\/pages\/9954\/revisions"}],"predecessor-version":[{"id":9980,"href":"https:\/\/mazinanian.at\/index.php?rest_route=\/wp\/v2\/pages\/9954\/revisions\/9980"}],"wp:attachment":[{"href":"https:\/\/mazinanian.at\/index.php?rest_route=%2Fwp%2Fv2%2Fmedia&parent=9954"}],"curies":[{"name":"wp","href":"https:\/\/api.w.org\/{rel}","templated":true}]}}